{"id":2357886,"date":"2021-12-12T21:06:44","date_gmt":"2021-12-12T21:06:44","guid":{"rendered":"https:\/\/e-courses4you.com\/?page_id=2357886"},"modified":"2025-02-13T16:41:37","modified_gmt":"2025-02-13T16:41:37","slug":"de-software-redeem","status":"publish","type":"page","link":"https:\/\/e-courses4you.com\/de\/de-software-redeem\/","title":{"rendered":"Software Redeem"},"content":{"rendered":"<div data-elementor-type=\"wp-page\" data-elementor-id=\"2357886\" class=\"elementor elementor-2357886\">\n\t\t\t\t\t\t<section class=\"elementor-section elementor-top-section elementor-element elementor-element-a654244 elementor-section-boxed elementor-section-height-default elementor-section-height-default\" data-id=\"a654244\" data-element_type=\"section\">\n\t\t\t\t\t\t<div class=\"elementor-container elementor-column-gap-default\">\n\t\t\t\t\t<div class=\"elementor-column elementor-col-100 elementor-top-column elementor-element elementor-element-61615cd\" data-id=\"61615cd\" data-element_type=\"column\">\n\t\t\t<div class=\"elementor-widget-wrap elementor-element-populated\">\n\t\t\t\t\t\t<div class=\"elementor-element elementor-element-9b6586b elementor-widget elementor-widget-heading\" data-id=\"9b6586b\" data-element_type=\"widget\" data-widget_type=\"heading.default\">\n\t\t\t\t\t<h2 class=\"elementor-heading-title elementor-size-default\">Software einl\u00f6sen\n<\/h2>\t\t\t\t<\/div>\n\t\t\t\t<div class=\"elementor-element elementor-element-1c6099c elementor-widget elementor-widget-shortcode\" data-id=\"1c6099c\" data-element_type=\"widget\" data-widget_type=\"shortcode.default\">\n\t\t\t\t\t\t\t<div class=\"elementor-shortcode\"><script type='text\/javascript'>\nvar id = \"2355471\";<\/script><!-- start Woody Code Snippets CSS and JS -->\n<script type=\"text\/javascript\">\nif (window.location.href.indexOf(\"\/de-software-redeem\") > -1) {\r\nvar storeplace = document.getElementById(\"menu-item-2882397\").innerHTML;\r\ndocument.getElementById(\"menu-item-2882397\").innerHTML = storeplace.replaceAll('\/product-category\/software\/', '\/de\/produkt-kategorie\/software\/');\r\n}\n<\/script>\n<!-- end Woody Code Snippets CSS and JS -->\n<\/div>\n\t\t\t\t\t\t<\/div>\n\t\t\t\t<div class=\"elementor-element elementor-element-cc9b909 elementor-widget elementor-widget-shortcode\" data-id=\"cc9b909\" data-element_type=\"widget\" data-widget_type=\"shortcode.default\">\n\t\t\t\t\t\t\t<div class=\"elementor-shortcode\"><style type=\"text\/css\">\r\n.form-control {\r\n  margin-bottom: 20px;\r\n  max-width: 750px !important;\r\n}\r\n.form-label {\r\n  font-size: 20px;\r\n  font-weight: 600;\r\n  color: #656565;\r\n  margin-bottom: 10px;\r\n}\r\n.form-submit {\r\n  max-width: 750px;\r\n  width: 100%;\r\n  font-size: 20px !important;\r\n  padding: 20px !important;\r\n  margin-top: 20px;\r\n}\r\nlabel.error {\r\n  color: red !important;\r\n}\r\nlabel {font-family: poppins; text-transform: uppercase; color: #000 !important; font-weight: 700 !important; font-size: 18px !important;}\r\n    input.form-submit {\r\n    font-family: \"Poppins\", Sans-serif;\r\n    font-size: 14px !important;\r\n    font-weight: 600 !important;\r\n    text-transform: uppercase !important;\r\n    letter-spacing: 1px !important;\r\n    background-color: transparent !important;\r\n    background-image: linear-gradient(0deg, #2C70A7 0%, #3484C4 100%) !important;\r\n    border-radius: 35px 35px 35px 35px !important;\r\n    padding: 15px 35px 15px 35px !important;\r\n    width: 100% !important;\r\n}\r\ninput {\r\n    width: 100%;\r\n    max-width: 100%;\r\n    font-family: 'Roboto';\r\n    font-size: 14px;\r\n    height: 50px !important;\r\n    border-radius: 5px;\r\n    border: 1px solid #ECECEC;\r\n    font-weight: 400;\r\n}\r\n<\/style>\r\n<script src=\"https:\/\/ajax.googleapis.com\/ajax\/libs\/jquery\/3.4.1\/jquery.min.js\"><\/script>\r\n<script src=\"https:\/\/cdnjs.cloudflare.com\/ajax\/libs\/jquery-validate\/1.19.1\/jquery.validate.min.js\"><\/script>\r\n<script src=\"https:\/\/cdnjs.cloudflare.com\/ajax\/libs\/sweetalert\/2.1.2\/sweetalert.min.js\"><\/script>\r\n<script type=\"text\/javascript\">\r\n$(function() {\r\n  \/\/ Inicializa a valida\u00e7\u00e3o do formul\u00e1rio com o nome 'frmSoftwareRedeem'\r\n  $(\"form[name='frmSoftwareRedeem']\").validate({\r\n    \/\/ Define as regras de valida\u00e7\u00e3o\r\n    rules: {\r\n      first_name: \"required\",\r\n      last_name: \"required\",\r\n      email_address: {\r\n        required: true,\r\n        email: true\r\n      },\r\n      voucher_code: \"required\",\r\n      security_code: \"required\"\r\n    },\r\n    \/\/ Define as mensagens de erro\r\n    messages: {\r\n      first_name: \"Bitte geben Sie Ihren Vornamen ein\",\r\n      last_name: \"Bitte geben Sie ihren Nachnamen ein\",\r\n      email_address: \"Bitte geben Sie eine g\u00fcltige Email-Adresse ein\",\r\n      voucher_code: \"Bitte geben Sie Ihren Gutschein-Code ein\",\r\n      security_code: \"Bitte geben Sie Ihren Security Code ein\"\r\n    },\r\n    \/\/ Quando o formul\u00e1rio estiver v\u00e1lido, submete via AJAX\r\n    submitHandler: function(form) {\r\n      var values = {\r\n        'first_name': $('#first_name').val(),\r\n        'last_name': $('#last_name').val(),\r\n        'email_address': $('#email_address').val(),\r\n        'voucher_code': $('#voucher_code').val(),\r\n        'security_code': $('#security_code').val()\r\n      };\r\n      $.ajax({\r\n        url: \"..\/data\/data-form-de.php\",\r\n        type: \"POST\",\r\n        data: values,\r\n        success: function($data) { \r\n          if($data == 1) {\r\n            var content = document.createElement('div');\r\n            content.innerHTML = 'Sie erhalten nun in k\u00fcrze eine E-Mail mit Anweisungen zum Herunterladen und Aktivieren Ihrer Software. PS. Bitte \u00fcberpr\u00fcfen Sie auch Ihren Junk- und Spam-Ordner, wenn Sie keine E-Mail erhalten, da es sich um eine automatisierte E-Mail handelt.';\r\n            swal({\r\n              title: \"Herzliche Gl\u00fcckw\u00fcnsche! Ihr Gutschein-Code wurde erfolgreich eingel\u00f6st.\",\r\n              content: content,\r\n              icon: \"success\"\r\n            });\r\n          } else if ($data == 2) {\r\n            swal({\r\n              title: \"Gutschein-Code\",\r\n              text: \"Dieser Gutscheincode wurde bereits eingel\u00f6st. Bitte senden Sie eine E-Mail an support@e-courses4you.com, wenn Sie weitere Hilfe ben\u00f6tigen\",\r\n              icon: \"error\"\r\n            });\r\n          } else if ($data == 3) {\r\n            swal({\r\n              title: \"Lizenzschl\u00fcssel\",\r\n              text: \"F\u00fcr diesen Gutschein sind keine Lizenzschl\u00fcssel verf\u00fcgbar. Bitte senden Sie eine E-Mail an support@e-courses4you.com, wenn Sie weitere Hilfe ben\u00f6tigen.\",\r\n              icon: \"error\"\r\n            });\r\n          } else {\r\n            swal({\r\n              title: \"Gutschein-Code\",\r\n              text: \"Dieser Gutscheincode kann nicht eingel\u00f6st werden. Bitte senden Sie eine E-Mail an support@e-courses4you.com\",\r\n              icon: \"error\"\r\n            });\r\n          }\r\n        }\r\n      });\r\n    }\r\n  });\r\n});\r\n<\/script>\r\n<\/div>\n\t\t\t\t\t\t<\/div>\n\t\t\t\t<div class=\"elementor-element elementor-element-8ab564b elementor-widget elementor-widget-html\" data-id=\"8ab564b\" data-element_type=\"widget\" data-widget_type=\"html.default\">\n\t\t\t\t\t<form action=\"\" method=\"post\" name=\"frmSoftwareRedeem\" data-trp-original-action=\"\">\r\n<div style=\"text-align: center;\"><label class=\"form-label\">Vorname:<\/label>\r\n<input id=\"first_name\" class=\"form-control\" name=\"first_name\" type=\"text\" value=\"\" \/>\r\n<label class=\"form-label\">Nachname:<\/label>\r\n<input id=\"last_name\" class=\"form-control\" name=\"last_name\" type=\"text\" value=\"\" \/>\r\n<label class=\"form-label\">Email-Adresse:<\/label>\r\n<input id=\"email_address\" class=\"form-control\" name=\"email_address\" type=\"text\" value=\"\" \/>\r\n<label class=\"form-label\">Gutschein-Code:<\/label>\r\n<input id=\"voucher_code\" class=\"form-control\" name=\"voucher_code\" type=\"text\" value=\"\" \/>\r\n<label class=\"form-label\">Security Code:<\/label>\r\n<input id=\"security_code\" class=\"form-control\" name=\"security_code\" type=\"text\" value=\"\" \/>\r\n<input class=\"form-submit\" type=\"submit\" value=\"Gutschein einl\u00f6sen\" \/><\/div>\r\n<input type=\"hidden\" name=\"trp-form-language\" value=\"de\"\/><\/form>\t\t\t\t<\/div>\n\t\t\t\t\t<\/div>\n\t\t<\/div>\n\t\t\t\t\t<\/div>\n\t\t<\/section>\n\t\t\t\t<\/div>","protected":false},"excerpt":{"rendered":"<p>Software einl\u00f6sen Vorname: Nachname: Email-Adresse: Gutschein-Code: Security Code:<\/p>","protected":false},"author":2,"featured_media":0,"parent":0,"menu_order":0,"comment_status":"closed","ping_status":"closed","template":"","meta":{"footnotes":""},"class_list":["post-2357886","page","type-page","status-publish","hentry"],"yoast_head":"<!-- This site is optimized with the Yoast SEO plugin v26.6 - https:\/\/yoast.com\/wordpress\/plugins\/seo\/ -->\n<title>Software Redeem | eCourses4You<\/title>\n<meta name=\"robots\" content=\"noindex, follow\" \/>\n<meta property=\"og:locale\" content=\"de_DE\" \/>\n<meta property=\"og:type\" content=\"article\" \/>\n<meta property=\"og:title\" content=\"Software Redeem | eCourses4You\" \/>\n<meta property=\"og:description\" content=\"Software einl\u00f6sen Vorname: Nachname: Email-Adresse: Gutschein-Code: Security Code:\" \/>\n<meta property=\"og:url\" content=\"https:\/\/e-courses4you.com\/de\/de-software-redeem\/\" \/>\n<meta property=\"og:site_name\" content=\"eCourses4You\" \/>\n<meta property=\"article:modified_time\" content=\"2025-02-13T16:41:37+00:00\" \/>\n<meta name=\"twitter:card\" content=\"summary_large_image\" \/>\n<meta name=\"twitter:label1\" content=\"Gesch\u00e4tzte Lesezeit\" \/>\n\t<meta name=\"twitter:data1\" content=\"2\u00a0Minuten\" \/>\n<script type=\"application\/ld+json\" class=\"yoast-schema-graph\">{\"@context\":\"https:\/\/schema.org\",\"@graph\":[{\"@type\":\"WebPage\",\"@id\":\"https:\/\/e-courses4you.com\/de-software-redeem\/\",\"url\":\"https:\/\/e-courses4you.com\/de-software-redeem\/\",\"name\":\"Software Redeem | eCourses4You\",\"isPartOf\":{\"@id\":\"https:\/\/e-courses4you.com\/#website\"},\"datePublished\":\"2021-12-12T21:06:44+00:00\",\"dateModified\":\"2025-02-13T16:41:37+00:00\",\"inLanguage\":\"de\",\"potentialAction\":[{\"@type\":\"ReadAction\",\"target\":[\"https:\/\/e-courses4you.com\/de-software-redeem\/\"]}]},{\"@type\":\"WebSite\",\"@id\":\"https:\/\/e-courses4you.com\/#website\",\"url\":\"https:\/\/e-courses4you.com\/\",\"name\":\"eCourses4You\",\"description\":\"\",\"publisher\":{\"@id\":\"https:\/\/e-courses4you.com\/#organization\"},\"potentialAction\":[{\"@type\":\"SearchAction\",\"target\":{\"@type\":\"EntryPoint\",\"urlTemplate\":\"https:\/\/e-courses4you.com\/?s={search_term_string}\"},\"query-input\":{\"@type\":\"PropertyValueSpecification\",\"valueRequired\":true,\"valueName\":\"search_term_string\"}}],\"inLanguage\":\"de\"},{\"@type\":\"Organization\",\"@id\":\"https:\/\/e-courses4you.com\/#organization\",\"name\":\"eCourses4You\",\"url\":\"https:\/\/e-courses4you.com\/\",\"logo\":{\"@type\":\"ImageObject\",\"inLanguage\":\"de\",\"@id\":\"https:\/\/e-courses4you.com\/#\/schema\/logo\/image\/\",\"url\":\"https:\/\/e-courses4you.com\/wp-content\/uploads\/2021\/08\/ezgif.com-gif-maker-10.jpg\",\"contentUrl\":\"https:\/\/e-courses4you.com\/wp-content\/uploads\/2021\/08\/ezgif.com-gif-maker-10.jpg\",\"width\":275,\"height\":43,\"caption\":\"eCourses4You\"},\"image\":{\"@id\":\"https:\/\/e-courses4you.com\/#\/schema\/logo\/image\/\"}}]}<\/script>\n<!-- \/ Yoast SEO plugin. -->","yoast_head_json":{"title":"Software Redeem | eCourses4You","robots":{"index":"noindex","follow":"follow"},"og_locale":"de_DE","og_type":"article","og_title":"Software Redeem | eCourses4You","og_description":"Software einl\u00f6sen Vorname: Nachname: Email-Adresse: Gutschein-Code: Security Code:","og_url":"https:\/\/e-courses4you.com\/de\/de-software-redeem\/","og_site_name":"eCourses4You","article_modified_time":"2025-02-13T16:41:37+00:00","twitter_card":"summary_large_image","twitter_misc":{"Gesch\u00e4tzte Lesezeit":"2\u00a0Minuten"},"schema":{"@context":"https:\/\/schema.org","@graph":[{"@type":"WebPage","@id":"https:\/\/e-courses4you.com\/de-software-redeem\/","url":"https:\/\/e-courses4you.com\/de-software-redeem\/","name":"Software Redeem | eCourses4You","isPartOf":{"@id":"https:\/\/e-courses4you.com\/#website"},"datePublished":"2021-12-12T21:06:44+00:00","dateModified":"2025-02-13T16:41:37+00:00","inLanguage":"de","potentialAction":[{"@type":"ReadAction","target":["https:\/\/e-courses4you.com\/de-software-redeem\/"]}]},{"@type":"WebSite","@id":"https:\/\/e-courses4you.com\/#website","url":"https:\/\/e-courses4you.com\/","name":"eCourses4You","description":"","publisher":{"@id":"https:\/\/e-courses4you.com\/#organization"},"potentialAction":[{"@type":"SearchAction","target":{"@type":"EntryPoint","urlTemplate":"https:\/\/e-courses4you.com\/?s={search_term_string}"},"query-input":{"@type":"PropertyValueSpecification","valueRequired":true,"valueName":"search_term_string"}}],"inLanguage":"de"},{"@type":"Organization","@id":"https:\/\/e-courses4you.com\/#organization","name":"eCourses4You","url":"https:\/\/e-courses4you.com\/","logo":{"@type":"ImageObject","inLanguage":"de","@id":"https:\/\/e-courses4you.com\/#\/schema\/logo\/image\/","url":"https:\/\/e-courses4you.com\/wp-content\/uploads\/2021\/08\/ezgif.com-gif-maker-10.jpg","contentUrl":"https:\/\/e-courses4you.com\/wp-content\/uploads\/2021\/08\/ezgif.com-gif-maker-10.jpg","width":275,"height":43,"caption":"eCourses4You"},"image":{"@id":"https:\/\/e-courses4you.com\/#\/schema\/logo\/image\/"}}]}},"_links":{"self":[{"href":"https:\/\/e-courses4you.com\/de\/wp-json\/wp\/v2\/pages\/2357886","targetHints":{"allow":["GET"]}}],"collection":[{"href":"https:\/\/e-courses4you.com\/de\/wp-json\/wp\/v2\/pages"}],"about":[{"href":"https:\/\/e-courses4you.com\/de\/wp-json\/wp\/v2\/types\/page"}],"author":[{"embeddable":true,"href":"https:\/\/e-courses4you.com\/de\/wp-json\/wp\/v2\/users\/2"}],"replies":[{"embeddable":true,"href":"https:\/\/e-courses4you.com\/de\/wp-json\/wp\/v2\/comments?post=2357886"}],"version-history":[{"count":0,"href":"https:\/\/e-courses4you.com\/de\/wp-json\/wp\/v2\/pages\/2357886\/revisions"}],"wp:attachment":[{"href":"https:\/\/e-courses4you.com\/de\/wp-json\/wp\/v2\/media?parent=2357886"}],"curies":[{"name":"wp","href":"https:\/\/api.w.org\/{rel}","templated":true}]}}