{"id":3035775,"date":"2025-01-06T12:26:33","date_gmt":"2025-01-06T12:26:33","guid":{"rendered":"https:\/\/e-courses4you.com\/?post_type=product&#038;p=3035775"},"modified":"2025-01-06T12:27:01","modified_gmt":"2025-01-06T12:27:01","slug":"microsoft-office-professional-2016","status":"publish","type":"product","link":"https:\/\/e-courses4you.com\/de\/course\/microsoft-office-professional-2016\/","title":{"rendered":"Microsoft Office Professional 2016"},"content":{"rendered":"<div style=\"margin-bottom: 20px;\"><div class=\"trp_language_switcher_shortcode\">\n<div class=\"trp-language-switcher trp-language-switcher-container\" data-no-translation>\n    <div class=\"trp-ls-shortcode-current-language\">\n        <a href=\"#\" class=\"trp-ls-shortcode-disabled-language trp-ls-disabled-language\" title=\"German\" onclick=\"event.preventDefault()\">\n\t\t\t<img decoding=\"async\" class=\"trp-flag-image\" src=\"https:\/\/e-courses4you.com\/wp-content\/plugins\/translatepress-multilingual\/assets\/images\/flags\/de_DE.png\" width=\"18\" height=\"12\" alt=\"de_DE\" title=\"German\"> DE\t\t<\/a>\n    <\/div>\n    <div class=\"trp-ls-shortcode-language\">\n                <a href=\"#\" class=\"trp-ls-shortcode-disabled-language trp-ls-disabled-language\"  title=\"German\" onclick=\"event.preventDefault()\">\n\t\t\t<img decoding=\"async\" class=\"trp-flag-image\" src=\"https:\/\/e-courses4you.com\/wp-content\/plugins\/translatepress-multilingual\/assets\/images\/flags\/de_DE.png\" width=\"18\" height=\"12\" alt=\"de_DE\" title=\"German\"> DE\t\t<\/a>\n                    <a href=\"https:\/\/e-courses4you.com\/de\/wp-json\/wp\/v2\/product\/3035775\" title=\"English\">\n            <img decoding=\"async\" class=\"trp-flag-image\" src=\"https:\/\/e-courses4you.com\/wp-content\/plugins\/translatepress-multilingual\/assets\/images\/flags\/en_GB.png\" width=\"18\" height=\"12\" alt=\"en_GB\" title=\"English\"> EN        <\/a>\n\n        <\/div>\n    <script type=\"application\/javascript\">\n        \/\/ need to have the same with set from JS on both divs. Otherwise it can push stuff around in HTML\n        var trp_ls_shortcodes = document.querySelectorAll('.trp_language_switcher_shortcode .trp-language-switcher');\n        if ( trp_ls_shortcodes.length > 0) {\n            \/\/ get the last language switcher added\n            var trp_el = trp_ls_shortcodes[trp_ls_shortcodes.length - 1];\n\n            var trp_shortcode_language_item = trp_el.querySelector( '.trp-ls-shortcode-language' )\n            \/\/ set width\n            var trp_ls_shortcode_width                                               = trp_shortcode_language_item.offsetWidth + 16;\n            trp_shortcode_language_item.style.width                                  = trp_ls_shortcode_width + 'px';\n            trp_el.querySelector( '.trp-ls-shortcode-current-language' ).style.width = trp_ls_shortcode_width + 'px';\n\n            \/\/ We're putting this on display: none after we have its width.\n            trp_shortcode_language_item.style.display = 'none';\n        }\n    <\/script>\n<\/div>\n<\/div><\/div>\n<p><b>Das Microsoft Office Professional 2016 Paket enth\u00e4lt Word, Excel, PowerPoint, Outlook, Publisher, OneNote, Access, Lync und InfoPath!<\/b><\/p>\n<p><span style=\"font-weight: 400;\">Wenn Sie Dokumente schreiben, Tabellenkalkulationen erstellen, sch\u00f6ne Pr\u00e4sentationen entwerfen, Informationen mit Ihren Kollegen austauschen und vieles mehr wollen, ist dieses Paket genau das Richtige f\u00fcr Sie!\u00a0<\/span><\/p>\n<p><span style=\"font-weight: 400;\">Diese Software ist ausschlie\u00dflich f\u00fcr die Verwendung auf einem PC vorgesehen.\u00a0<\/span><\/p>\n<p><span style=\"font-weight: 400;\">Sobald Sie das Microsoft Office Professional 2016-Paket erworben haben, werden Ihnen der Produktschl\u00fcssel und eine Anleitung per E-Mail zugesandt.\u00a0<\/span><\/p>\n<p><span style=\"font-weight: 400;\">Es ist kein monatliches oder j\u00e4hrliches Abonnement erforderlich, Sie haben permanenten Zugang zu diesen Programmen! Die Lizenz ist f\u00fcr die Verwendung auf 1 PC g\u00fcltig und ist ein Produktschl\u00fcssel f\u00fcr die Vollversion.\u00a0<\/span><\/p>\n<p><b>Eigenschaften<\/b><\/p>\n<ul>\n<li><b> Word 2016:<\/b><span style=\"font-weight: 400;\"> Word 2016 ist neu und aktualisiert, und Sie k\u00f6nnen jetzt viel mehr mit diesem erstaunlichen Programm tun! Die M\u00f6glichkeiten sind endlos und Sie k\u00f6nnen Ihre Arbeit viel attraktiver gestalten. Alte und veraltete Textbl\u00f6cke wurden mit der M\u00f6glichkeit, Nicht-Text-Elemente wie Fotos, Grafiken und vieles mehr einzuf\u00fcgen, aktualisiert!\u00a0<\/span><\/li>\n<li><b>Excel 2016:<\/b><span style=\"font-weight: 400;\">Excel 2016 ist neu und aktualisiert, und Sie k\u00f6nnen sehr professionelle Tabellen erstellen und die visuelle Wirkung Ihrer Diagramme verbessern! Excel 2016 bietet Ihnen eine breite Palette an Funktionen und Features, von Produktdatenbanken \u00fcber Excel-Tabellen bis hin zur Erstellung von Finanztabellen und vielem mehr!\u00a0<\/span><\/li>\n<li><b> PowerPoint 2016:<\/b><span style=\"font-weight: 400;\">PowerPoint 2016 ist neu und aktualisiert, so dass Sie sch\u00f6ne und professionelle Pr\u00e4sentationen mit nur wenigen Klicks erstellen k\u00f6nnen! Neue Funktionen wurden hinzugef\u00fcgt und verbessert, um die Leistung zu erh\u00f6hen und effizienter zu gestalten. Es gibt neue animierte Grafiken, neue \u00dcberg\u00e4nge und vieles mehr!<\/span><\/li>\n<li><b>OneNote 2016:<\/b><span style=\"font-weight: 400;\">OneNote 2016 ist neu und aktualisiert f\u00fcr ein einfaches und effizientes Erlebnis! Sie k\u00f6nnen Bilder, Videos, Links und Dateien in Ihre Notizen einbetten und weitergeben und vieles mehr!\u00a0<\/span><\/li>\n<li><b>Outlook 2016:<\/b><span style=\"font-weight: 400;\">\u00a0Outlook 2016 ist neu und aktualisiert und ist das unverzichtbare Produkt, das Sie f\u00fcr die Verwaltung Ihrer pers\u00f6nlichen und beruflichen Beziehungen ben\u00f6tigen. Genie\u00dfen Sie die schnelle und einfache Erstellung von E-Mails, Kontakten und Terminen und erleichtern Sie sich das Leben mit Outlook 2016.\u00a0<\/span><\/li>\n<li><b>Publisher 2016: <\/b><span style=\"font-weight: 400;\">Publisher 2016 ist neu und aktualisiert und erm\u00f6glicht Ihnen die einfache Verwaltung und Erstellung von Anzeigen, Flyern, Magazinen und mehr! Sie k\u00f6nnen Designs und Publikationen erstellen, mit denen Sie Ihre Kunden und Kollegen beeindrucken k\u00f6nnen - einfach und unkompliziert!<\/span><b>\u00a0<\/b><\/li>\n<li><b> Access 2016:<\/b><span style=\"font-weight: 400;\">Access 2016 ist neu und aktualisiert und erm\u00f6glicht Ihnen die Verwaltung und Erstellung browserbasierter Datenbanken, ob gro\u00df oder klein! Es ist eine reichhaltige Plattform, die es Ihnen erm\u00f6glicht, Datenbank-Management-L\u00f6sungen mit super einfach zu bedienenden Tools und Techniken und vieles mehr zu entwickeln!<\/span><\/li>\n<li><b>Lync 2016:<\/b><span style=\"font-weight: 400;\">Lync 2016 ist ein Instant-Messaging-Dienst, mit dem Sie Audioanrufe t\u00e4tigen, an Videokonferenzen teilnehmen und diese einrichten k\u00f6nnen. Es ist eine gesch\u00e4ftsf\u00e4hige Unified Communications-Plattform! Es ist sehr einfach zu bedienen und Sie k\u00f6nnen mit Lync Sofortnachrichten versenden, Pr\u00e4sentationen gemeinsam nutzen und vieles mehr.<\/span><\/li>\n<li><b>InfoPath 2016:<\/b><span style=\"font-weight: 400;\">InfoPath 2016 ist eine Anwendung, mit der Sie elektronische Dateien und Daten erstellen, verteilen und \u00fcbermitteln k\u00f6nnen! InfoPath hilft Ihnen, Ihre Daten zu erfassen und zu organisieren, Ihre Arbeit zu optimieren und vieles mehr!\u00a0<\/span><\/li>\n<\/ul>\n<p><b>Funktioniert das Microsoft Office Home &amp; Student-Paket auf meinem Linux- oder Apple Mac-Computer?\u00a0<\/b><\/p>\n<p><span style=\"font-weight: 400;\">Nein, dieses Paket ist nur f\u00fcr PCs geeignet.<\/span><\/p>\n<p><span style=\"font-weight: 400;\">Es funktioniert nicht auf Apple- oder Linux-Computern.\u00a0<\/span><\/p>\n<p class=\"product woocommerce add_to_cart_inline\" style=\"border:4px solid #ccc; padding: 12px;\"><del aria-hidden=\"true\"><span class=\"woocommerce-Price-amount amount\"><bdi><span class=\"woocommerce-Price-currencySymbol\">&pound;<\/span>199.00<\/bdi><\/span><\/del> <span class=\"screen-reader-text\" data-no-translation=\"\" data-trp-gettext=\"\">Urspr\u00fcnglicher Preis war: &pound;199.00<\/span><ins aria-hidden=\"true\"><span class=\"woocommerce-Price-amount amount\"><bdi><span class=\"woocommerce-Price-currencySymbol\">&pound;<\/span>12.99<\/bdi><\/span><\/ins><span class=\"screen-reader-text\" data-no-translation=\"\" data-trp-gettext=\"\">Aktueller Preis ist: &pound;12.99.<\/span><a href=\"\/de\/wp-json\/wp\/v2\/product\/3035775?add-to-cart=3035775\" aria-describedby=\"woocommerce_loop_add_to_cart_link_describedby_3035775\" data-quantity=\"1\" class=\"button product_type_simple add_to_cart_button ajax_add_to_cart\" data-product_id=\"3035775\" data-product_sku=\"\" aria-label=\"In den Warenkorb legen: \u201eMicrosoft Office Professional 2016\u201c\" rel=\"nofollow\" data-success_message=\"\u201eMicrosoft Office Professional 2016\u201c wurde deinem Warenkorb hinzugef\u00fcgt\" role=\"button\" data-no-translation=\"\" data-trp-gettext=\"\" data-no-translation-aria-label=\"\" data-no-translation-data-success_message=\"\">In den Warenkorb<\/a>\t<span id=\"woocommerce_loop_add_to_cart_link_describedby_3035775\" class=\"screen-reader-text\">\n\t\t\t<\/span>\n<\/p>","protected":false},"excerpt":{"rendered":"<div style=\"margin-bottom: 20px;\">\n<div class=\"trp_language_switcher_shortcode\">\n<div class=\"trp-language-switcher trp-language-switcher-container\" data-no-translation>\n<div class=\"trp-ls-shortcode-current-language\">\n        <a href=\"#\" class=\"trp-ls-shortcode-disabled-language trp-ls-disabled-language\" title=\"German\" onclick=\"event.preventDefault()\"><br \/>\n\t\t\t<img decoding=\"async\" class=\"trp-flag-image\" src=\"https:\/\/e-courses4you.com\/wp-content\/plugins\/translatepress-multilingual\/assets\/images\/flags\/de_DE.png\" width=\"18\" height=\"12\" alt=\"de_DE\" title=\"German\"> DE\t\t<\/a>\n    <\/div>\n<div class=\"trp-ls-shortcode-language\">\n                <a href=\"#\" class=\"trp-ls-shortcode-disabled-language trp-ls-disabled-language\"  title=\"German\" onclick=\"event.preventDefault()\"><br \/>\n\t\t\t<img decoding=\"async\" class=\"trp-flag-image\" src=\"https:\/\/e-courses4you.com\/wp-content\/plugins\/translatepress-multilingual\/assets\/images\/flags\/de_DE.png\" width=\"18\" height=\"12\" alt=\"de_DE\" title=\"German\"> DE\t\t<\/a><br \/>\n                    <a href=\"https:\/\/e-courses4you.com\/de\/wp-json\/wp\/v2\/product\/3035775\" title=\"English\"><br \/>\n            <img decoding=\"async\" class=\"trp-flag-image\" src=\"https:\/\/e-courses4you.com\/wp-content\/plugins\/translatepress-multilingual\/assets\/images\/flags\/en_GB.png\" width=\"18\" height=\"12\" alt=\"en_GB\" title=\"English\"> EN        <\/a><\/p><\/div>\n<p>    <script type=\"application\/javascript\">\n        \/\/ need to have the same with set from JS on both divs. Otherwise it can push stuff around in HTML\n        var trp_ls_shortcodes = document.querySelectorAll('.trp_language_switcher_shortcode .trp-language-switcher');\n        if ( trp_ls_shortcodes.length > 0) {\n            \/\/ get the last language switcher added\n            var trp_el = trp_ls_shortcodes[trp_ls_shortcodes.length - 1];<\/p>\n<p>            var trp_shortcode_language_item = trp_el.querySelector( '.trp-ls-shortcode-language' )\n            \/\/ set width\n            var trp_ls_shortcode_width                                               = trp_shortcode_language_item.offsetWidth + 16;\n            trp_shortcode_language_item.style.width                                  = trp_ls_shortcode_width + 'px';\n            trp_el.querySelector( '.trp-ls-shortcode-current-language' ).style.width = trp_ls_shortcode_width + 'px';<\/p>\n<p>            \/\/ We're putting this on display: none after we have its width.\n            trp_shortcode_language_item.style.display = 'none';\n        }\n    <\/script>\n<\/div>\n<\/div>\n<\/div>\n<p><b>Das Microsoft Office Professional 2016 Paket enth\u00e4lt Word, Excel, PowerPoint, Outlook, Publisher, OneNote, Access, Lync und InfoPath!<\/b><\/p>\n<p><span style=\"font-weight: 400;\">Wenn Sie Dokumente schreiben, Tabellenkalkulationen erstellen, sch\u00f6ne Pr\u00e4sentationen entwerfen, Informationen mit Ihren Kollegen austauschen und vieles mehr wollen, ist dieses Paket genau das Richtige f\u00fcr Sie!\u00a0<\/span><\/p>\n<p><span style=\"font-weight: 400;\">Diese Software ist ausschlie\u00dflich f\u00fcr die Verwendung auf einem PC vorgesehen. <\/span><\/p>","protected":false},"featured_media":2296839,"template":"","meta":[],"product_brand":[],"product_cat":[15],"product_tag":[],"class_list":{"0":"post-3035775","1":"product","2":"type-product","3":"status-publish","4":"has-post-thumbnail","6":"product_cat-uncategorized","8":"first","9":"instock","10":"sale","11":"virtual","12":"purchasable","13":"product-type-simple"},"yoast_head":"<!-- This site is optimized with the Yoast SEO plugin v26.6 - https:\/\/yoast.com\/wordpress\/plugins\/seo\/ -->\n<title>Buy Microsoft Office Professional 2016 | Lowest Price | E-Courses4You<\/title>\n<meta name=\"description\" content=\"Buy Microsoft Office Professional 2016 today at a low price and enjoy all the worldclass software packages that come with it, for many years to come. Permanent activation and no monthly or annual subscription required.\" \/>\n<meta name=\"robots\" content=\"index, follow, max-snippet:-1, max-image-preview:large, max-video-preview:-1\" \/>\n<link rel=\"canonical\" href=\"https:\/\/e-courses4you.com\/de\/course\/microsoft-office-professional-2016\/\" \/>\n<meta property=\"og:locale\" content=\"de_DE\" \/>\n<meta property=\"og:type\" content=\"article\" \/>\n<meta property=\"og:title\" content=\"Buy Microsoft Office Professional 2016 | Lowest Price | E-Courses4You\" \/>\n<meta property=\"og:description\" content=\"Buy Microsoft Office Professional 2016 today at a low price and enjoy all the worldclass software packages that come with it, for many years to come. Permanent activation and no monthly or annual subscription required.\" \/>\n<meta property=\"og:url\" content=\"https:\/\/e-courses4you.com\/de\/course\/microsoft-office-professional-2016\/\" \/>\n<meta property=\"og:site_name\" content=\"eCourses4You\" \/>\n<meta property=\"article:modified_time\" content=\"2025-01-06T12:27:01+00:00\" \/>\n<meta property=\"og:image\" content=\"https:\/\/e-courses4you.com\/wp-content\/uploads\/2021\/06\/pp-2016.png\" \/>\n\t<meta property=\"og:image:width\" content=\"1002\" \/>\n\t<meta property=\"og:image:height\" content=\"837\" \/>\n\t<meta property=\"og:image:type\" content=\"image\/png\" \/>\n<meta name=\"twitter:card\" content=\"summary_large_image\" \/>\n<meta name=\"twitter:label1\" content=\"Gesch\u00e4tzte Lesezeit\" \/>\n\t<meta name=\"twitter:data1\" content=\"3\u00a0Minuten\" \/>\n<script type=\"application\/ld+json\" class=\"yoast-schema-graph\">{\"@context\":\"https:\/\/schema.org\",\"@graph\":[{\"@type\":\"WebPage\",\"@id\":\"https:\/\/e-courses4you.com\/course\/microsoft-office-professional-2016\/\",\"url\":\"https:\/\/e-courses4you.com\/course\/microsoft-office-professional-2016\/\",\"name\":\"Buy Microsoft Office Professional 2016 | Lowest Price | E-Courses4You\",\"isPartOf\":{\"@id\":\"https:\/\/e-courses4you.com\/#website\"},\"primaryImageOfPage\":{\"@id\":\"https:\/\/e-courses4you.com\/course\/microsoft-office-professional-2016\/#primaryimage\"},\"image\":{\"@id\":\"https:\/\/e-courses4you.com\/course\/microsoft-office-professional-2016\/#primaryimage\"},\"thumbnailUrl\":\"https:\/\/e-courses4you.com\/wp-content\/uploads\/2021\/06\/pp-2016.png\",\"datePublished\":\"2025-01-06T12:26:33+00:00\",\"dateModified\":\"2025-01-06T12:27:01+00:00\",\"description\":\"Buy Microsoft Office Professional 2016 today at a low price and enjoy all the worldclass software packages that come with it, for many years to come. Permanent activation and no monthly or annual subscription required.\",\"breadcrumb\":{\"@id\":\"https:\/\/e-courses4you.com\/course\/microsoft-office-professional-2016\/#breadcrumb\"},\"inLanguage\":\"de\",\"potentialAction\":[{\"@type\":\"ReadAction\",\"target\":[\"https:\/\/e-courses4you.com\/course\/microsoft-office-professional-2016\/\"]}]},{\"@type\":\"ImageObject\",\"inLanguage\":\"de\",\"@id\":\"https:\/\/e-courses4you.com\/course\/microsoft-office-professional-2016\/#primaryimage\",\"url\":\"https:\/\/e-courses4you.com\/wp-content\/uploads\/2021\/06\/pp-2016.png\",\"contentUrl\":\"https:\/\/e-courses4you.com\/wp-content\/uploads\/2021\/06\/pp-2016.png\",\"width\":1002,\"height\":837},{\"@type\":\"BreadcrumbList\",\"@id\":\"https:\/\/e-courses4you.com\/course\/microsoft-office-professional-2016\/#breadcrumb\",\"itemListElement\":[{\"@type\":\"ListItem\",\"position\":1,\"name\":\"Our Courses\",\"item\":\"https:\/\/e-courses4you.com\/shop\/\"},{\"@type\":\"ListItem\",\"position\":2,\"name\":\"Microsoft Office Professional 2016\"}]},{\"@type\":\"WebSite\",\"@id\":\"https:\/\/e-courses4you.com\/#website\",\"url\":\"https:\/\/e-courses4you.com\/\",\"name\":\"eCourses4You\",\"description\":\"\",\"publisher\":{\"@id\":\"https:\/\/e-courses4you.com\/#organization\"},\"potentialAction\":[{\"@type\":\"SearchAction\",\"target\":{\"@type\":\"EntryPoint\",\"urlTemplate\":\"https:\/\/e-courses4you.com\/?s={search_term_string}\"},\"query-input\":{\"@type\":\"PropertyValueSpecification\",\"valueRequired\":true,\"valueName\":\"search_term_string\"}}],\"inLanguage\":\"de\"},{\"@type\":\"Organization\",\"@id\":\"https:\/\/e-courses4you.com\/#organization\",\"name\":\"eCourses4You\",\"url\":\"https:\/\/e-courses4you.com\/\",\"logo\":{\"@type\":\"ImageObject\",\"inLanguage\":\"de\",\"@id\":\"https:\/\/e-courses4you.com\/#\/schema\/logo\/image\/\",\"url\":\"https:\/\/e-courses4you.com\/wp-content\/uploads\/2021\/08\/ezgif.com-gif-maker-10.jpg\",\"contentUrl\":\"https:\/\/e-courses4you.com\/wp-content\/uploads\/2021\/08\/ezgif.com-gif-maker-10.jpg\",\"width\":275,\"height\":43,\"caption\":\"eCourses4You\"},\"image\":{\"@id\":\"https:\/\/e-courses4you.com\/#\/schema\/logo\/image\/\"}}]}<\/script>\n<!-- \/ Yoast SEO plugin. -->","yoast_head_json":{"title":"Buy Microsoft Office Professional 2016 | Lowest Price | E-Courses4You","description":"Buy Microsoft Office Professional 2016 today at a low price and enjoy all the worldclass software packages that come with it, for many years to come. Permanent activation and no monthly or annual subscription required.","robots":{"index":"index","follow":"follow","max-snippet":"max-snippet:-1","max-image-preview":"max-image-preview:large","max-video-preview":"max-video-preview:-1"},"canonical":"https:\/\/e-courses4you.com\/de\/course\/microsoft-office-professional-2016\/","og_locale":"de_DE","og_type":"article","og_title":"Buy Microsoft Office Professional 2016 | Lowest Price | E-Courses4You","og_description":"Buy Microsoft Office Professional 2016 today at a low price and enjoy all the worldclass software packages that come with it, for many years to come. Permanent activation and no monthly or annual subscription required.","og_url":"https:\/\/e-courses4you.com\/de\/course\/microsoft-office-professional-2016\/","og_site_name":"eCourses4You","article_modified_time":"2025-01-06T12:27:01+00:00","og_image":[{"width":1002,"height":837,"url":"https:\/\/e-courses4you.com\/wp-content\/uploads\/2021\/06\/pp-2016.png","type":"image\/png"}],"twitter_card":"summary_large_image","twitter_misc":{"Gesch\u00e4tzte Lesezeit":"3\u00a0Minuten"},"schema":{"@context":"https:\/\/schema.org","@graph":[{"@type":"WebPage","@id":"https:\/\/e-courses4you.com\/course\/microsoft-office-professional-2016\/","url":"https:\/\/e-courses4you.com\/course\/microsoft-office-professional-2016\/","name":"Buy Microsoft Office Professional 2016 | Lowest Price | E-Courses4You","isPartOf":{"@id":"https:\/\/e-courses4you.com\/#website"},"primaryImageOfPage":{"@id":"https:\/\/e-courses4you.com\/course\/microsoft-office-professional-2016\/#primaryimage"},"image":{"@id":"https:\/\/e-courses4you.com\/course\/microsoft-office-professional-2016\/#primaryimage"},"thumbnailUrl":"https:\/\/e-courses4you.com\/wp-content\/uploads\/2021\/06\/pp-2016.png","datePublished":"2025-01-06T12:26:33+00:00","dateModified":"2025-01-06T12:27:01+00:00","description":"Buy Microsoft Office Professional 2016 today at a low price and enjoy all the worldclass software packages that come with it, for many years to come. Permanent activation and no monthly or annual subscription required.","breadcrumb":{"@id":"https:\/\/e-courses4you.com\/course\/microsoft-office-professional-2016\/#breadcrumb"},"inLanguage":"de","potentialAction":[{"@type":"ReadAction","target":["https:\/\/e-courses4you.com\/course\/microsoft-office-professional-2016\/"]}]},{"@type":"ImageObject","inLanguage":"de","@id":"https:\/\/e-courses4you.com\/course\/microsoft-office-professional-2016\/#primaryimage","url":"https:\/\/e-courses4you.com\/wp-content\/uploads\/2021\/06\/pp-2016.png","contentUrl":"https:\/\/e-courses4you.com\/wp-content\/uploads\/2021\/06\/pp-2016.png","width":1002,"height":837},{"@type":"BreadcrumbList","@id":"https:\/\/e-courses4you.com\/course\/microsoft-office-professional-2016\/#breadcrumb","itemListElement":[{"@type":"ListItem","position":1,"name":"Our Courses","item":"https:\/\/e-courses4you.com\/shop\/"},{"@type":"ListItem","position":2,"name":"Microsoft Office Professional 2016"}]},{"@type":"WebSite","@id":"https:\/\/e-courses4you.com\/#website","url":"https:\/\/e-courses4you.com\/","name":"eCourses4You","description":"","publisher":{"@id":"https:\/\/e-courses4you.com\/#organization"},"potentialAction":[{"@type":"SearchAction","target":{"@type":"EntryPoint","urlTemplate":"https:\/\/e-courses4you.com\/?s={search_term_string}"},"query-input":{"@type":"PropertyValueSpecification","valueRequired":true,"valueName":"search_term_string"}}],"inLanguage":"de"},{"@type":"Organization","@id":"https:\/\/e-courses4you.com\/#organization","name":"eCourses4You","url":"https:\/\/e-courses4you.com\/","logo":{"@type":"ImageObject","inLanguage":"de","@id":"https:\/\/e-courses4you.com\/#\/schema\/logo\/image\/","url":"https:\/\/e-courses4you.com\/wp-content\/uploads\/2021\/08\/ezgif.com-gif-maker-10.jpg","contentUrl":"https:\/\/e-courses4you.com\/wp-content\/uploads\/2021\/08\/ezgif.com-gif-maker-10.jpg","width":275,"height":43,"caption":"eCourses4You"},"image":{"@id":"https:\/\/e-courses4you.com\/#\/schema\/logo\/image\/"}}]}},"_links":{"self":[{"href":"https:\/\/e-courses4you.com\/de\/wp-json\/wp\/v2\/product\/3035775","targetHints":{"allow":["GET"]}}],"collection":[{"href":"https:\/\/e-courses4you.com\/de\/wp-json\/wp\/v2\/product"}],"about":[{"href":"https:\/\/e-courses4you.com\/de\/wp-json\/wp\/v2\/types\/product"}],"wp:featuredmedia":[{"embeddable":true,"href":"https:\/\/e-courses4you.com\/de\/wp-json\/wp\/v2\/media\/2296839"}],"wp:attachment":[{"href":"https:\/\/e-courses4you.com\/de\/wp-json\/wp\/v2\/media?parent=3035775"}],"wp:term":[{"taxonomy":"product_brand","embeddable":true,"href":"https:\/\/e-courses4you.com\/de\/wp-json\/wp\/v2\/product_brand?post=3035775"},{"taxonomy":"product_cat","embeddable":true,"href":"https:\/\/e-courses4you.com\/de\/wp-json\/wp\/v2\/product_cat?post=3035775"},{"taxonomy":"product_tag","embeddable":true,"href":"https:\/\/e-courses4you.com\/de\/wp-json\/wp\/v2\/product_tag?post=3035775"}],"curies":[{"name":"wp","href":"https:\/\/api.w.org\/{rel}","templated":true}]}}