{"id":3035781,"date":"2025-01-06T12:30:37","date_gmt":"2025-01-06T12:30:37","guid":{"rendered":"https:\/\/e-courses4you.com\/?post_type=product&#038;p=3035781"},"modified":"2025-01-06T12:31:12","modified_gmt":"2025-01-06T12:31:12","slug":"microsoft-office-home-and-student-2019","status":"publish","type":"product","link":"https:\/\/e-courses4you.com\/de\/course\/microsoft-office-home-and-student-2019\/","title":{"rendered":"Microsoft Office Home and Student 2019"},"content":{"rendered":"<div style=\"margin-bottom: 20px;\"><div class=\"trp_language_switcher_shortcode\">\n<div class=\"trp-language-switcher trp-language-switcher-container\" data-no-translation>\n    <div class=\"trp-ls-shortcode-current-language\">\n        <a href=\"#\" class=\"trp-ls-shortcode-disabled-language trp-ls-disabled-language\" title=\"German\" onclick=\"event.preventDefault()\">\n\t\t\t<img decoding=\"async\" class=\"trp-flag-image\" src=\"https:\/\/e-courses4you.com\/wp-content\/plugins\/translatepress-multilingual\/assets\/images\/flags\/de_DE.png\" width=\"18\" height=\"12\" alt=\"de_DE\" title=\"German\"> DE\t\t<\/a>\n    <\/div>\n    <div class=\"trp-ls-shortcode-language\">\n                <a href=\"#\" class=\"trp-ls-shortcode-disabled-language trp-ls-disabled-language\"  title=\"German\" onclick=\"event.preventDefault()\">\n\t\t\t<img decoding=\"async\" class=\"trp-flag-image\" src=\"https:\/\/e-courses4you.com\/wp-content\/plugins\/translatepress-multilingual\/assets\/images\/flags\/de_DE.png\" width=\"18\" height=\"12\" alt=\"de_DE\" title=\"German\"> DE\t\t<\/a>\n                    <a href=\"https:\/\/e-courses4you.com\/de\/wp-json\/wp\/v2\/product\/3035781\" title=\"English\">\n            <img decoding=\"async\" class=\"trp-flag-image\" src=\"https:\/\/e-courses4you.com\/wp-content\/plugins\/translatepress-multilingual\/assets\/images\/flags\/en_GB.png\" width=\"18\" height=\"12\" alt=\"en_GB\" title=\"English\"> EN        <\/a>\n\n        <\/div>\n    <script type=\"application\/javascript\">\n        \/\/ need to have the same with set from JS on both divs. Otherwise it can push stuff around in HTML\n        var trp_ls_shortcodes = document.querySelectorAll('.trp_language_switcher_shortcode .trp-language-switcher');\n        if ( trp_ls_shortcodes.length > 0) {\n            \/\/ get the last language switcher added\n            var trp_el = trp_ls_shortcodes[trp_ls_shortcodes.length - 1];\n\n            var trp_shortcode_language_item = trp_el.querySelector( '.trp-ls-shortcode-language' )\n            \/\/ set width\n            var trp_ls_shortcode_width                                               = trp_shortcode_language_item.offsetWidth + 16;\n            trp_shortcode_language_item.style.width                                  = trp_ls_shortcode_width + 'px';\n            trp_el.querySelector( '.trp-ls-shortcode-current-language' ).style.width = trp_ls_shortcode_width + 'px';\n\n            \/\/ We're putting this on display: none after we have its width.\n            trp_shortcode_language_item.style.display = 'none';\n        }\n    <\/script>\n<\/div>\n<\/div><\/div>\n<p><b>Microsoft Office 2019 Home und Student\u00a0<\/b><span style=\"font-weight: 400;\">Enth\u00e4lt<\/span><span style=\"font-weight: 400;\">:<\/span><\/p>\n<ul>\n<li style=\"font-weight: 400;\" aria-level=\"1\"><b>Microsoft Office Word<\/b><\/li>\n<li style=\"font-weight: 400;\" aria-level=\"1\"><b>Microsoft Office Excel<\/b><\/li>\n<li style=\"font-weight: 400;\" aria-level=\"1\"><b>Microsoft Office PowerPoint<\/b><\/li>\n<li style=\"font-weight: 400;\" aria-level=\"1\"><b>Microsoft Office OneNote<\/b><\/li>\n<\/ul>\n<p><span style=\"font-weight: 400;\">Alle in Office 2019 enthaltenen Produkte sind sowohl in der 32-Bit- als auch in der 64-Bit-Version erh\u00e4ltlich. Wir empfehlen f\u00fcr Computer mit 4 GB oder mehr Arbeitsspeicher die 64-Bit-Version. Die Anwendungskompatibilit\u00e4t und andere Faktoren k\u00f6nnen dazu f\u00fchren, dass Sie die 32-Bit-Version verwenden m\u00fcssen.\u00a0<\/span><\/p>\n<p><span style=\"font-weight: 400;\">Weitere Informationen finden Sie unter W\u00e4hlen Sie zwischen der 32-Bit- oder 64-Bit-Version von Office.<\/span><\/p>\n<p><b>F\u00fcr Office 2019 f\u00fcr Windows ist Windows 10 erforderlich.<\/b><\/p>\n<p><span style=\"font-weight: 400;\">Office 2019 enth\u00e4lt viele der gleichen Funktionen, die zuvor \u00fcber Office 365 ver\u00f6ffentlicht wurden, neben verbesserten Tintenfunktionen, neuen Animationsfunktionen in PowerPoint (einschlie\u00dflich der Zoom- und Morph-Funktionen) und neuen Diagrammen und Formeln in Excel f\u00fcr die Datenanalyse.\u00a0<\/span><\/p>\n<p><span style=\"font-weight: 400;\">OneNote ist in der Suite nicht enthalten, da es durch die UWP-Version von OneNote ersetzt wird, die mit Windows 10 geb\u00fcndelt ist. OneNote 2016 kann als zus\u00e4tzliche optionale Funktion \u00fcber das Office-Installationsprogramm installiert werden.<\/span><\/p>\n<p><strong>Office-Spezifikationen:<\/strong><\/p>\n<ul>\n<li>Lizenzg\u00fcltigkeit - Einmaliger Kauf - Download<\/li>\n<li>Anzahl der Installationen - 1<\/li>\n<li>Betriebssystem - Windows<\/li>\n<li>Office 2019 wird auf Windows 7 oder Windows 8 nicht unterst\u00fctzt. Es kann nur unter Windows 10 oder neuer ausgef\u00fchrt werden.Kann Office 2019 neben Office 2016 ausgef\u00fchrt werden?<br \/>\nNein. Office 2019 und Office 2016 k\u00f6nnen nicht gleichzeitig auf beiden Betriebssystemen ausgef\u00fchrt werden.<\/li>\n<li>Geeignet f\u00fcr - Windows 10<\/li>\n<li>Verf\u00fcgbare Sprachen - Niederl\u00e4ndisch, Englisch, Deutsch, Franz\u00f6sisch<\/li>\n<li>Enthaltene Office-Software - Microsoft office Word, Microsoft office Excel, Microsoft office OneNote, Microsoft office PowerPoint<\/li>\n<li>Anzahl der Aktivierungen - 1<\/li>\n<li>Anzahl der Benutzer - 1<\/li>\n<\/ul>\n<p class=\"product woocommerce add_to_cart_inline\" style=\"border:4px solid #ccc; padding: 12px;\"><del aria-hidden=\"true\"><span class=\"woocommerce-Price-amount amount\"><bdi><span class=\"woocommerce-Price-currencySymbol\">&pound;<\/span>149.00<\/bdi><\/span><\/del> <span class=\"screen-reader-text\" data-no-translation=\"\" data-trp-gettext=\"\">Urspr\u00fcnglicher Preis war: &pound;149.00<\/span><ins aria-hidden=\"true\"><span class=\"woocommerce-Price-amount amount\"><bdi><span class=\"woocommerce-Price-currencySymbol\">&pound;<\/span>11.99<\/bdi><\/span><\/ins><span class=\"screen-reader-text\" data-no-translation=\"\" data-trp-gettext=\"\">Aktueller Preis ist: &pound;11.99.<\/span><a href=\"\/de\/wp-json\/wp\/v2\/product\/3035781?add-to-cart=3035781\" aria-describedby=\"woocommerce_loop_add_to_cart_link_describedby_3035781\" data-quantity=\"1\" class=\"button product_type_simple add_to_cart_button ajax_add_to_cart\" data-product_id=\"3035781\" data-product_sku=\"\" aria-label=\"In den Warenkorb legen: \u201eMicrosoft Office Home and Student 2019\u201c\" rel=\"nofollow\" data-success_message=\"\u201eMicrosoft Office Home and Student 2019\u201c wurde deinem Warenkorb hinzugef\u00fcgt\" role=\"button\" data-no-translation=\"\" data-trp-gettext=\"\" data-no-translation-aria-label=\"\" data-no-translation-data-success_message=\"\">In den Warenkorb<\/a>\t<span id=\"woocommerce_loop_add_to_cart_link_describedby_3035781\" class=\"screen-reader-text\">\n\t\t\t<\/span>\n<\/p>","protected":false},"excerpt":{"rendered":"<div style=\"margin-bottom: 20px;\">\n<div class=\"trp_language_switcher_shortcode\">\n<div class=\"trp-language-switcher trp-language-switcher-container\" data-no-translation>\n<div class=\"trp-ls-shortcode-current-language\">\n        <a href=\"#\" class=\"trp-ls-shortcode-disabled-language trp-ls-disabled-language\" title=\"German\" onclick=\"event.preventDefault()\"><br \/>\n\t\t\t<img decoding=\"async\" class=\"trp-flag-image\" src=\"https:\/\/e-courses4you.com\/wp-content\/plugins\/translatepress-multilingual\/assets\/images\/flags\/de_DE.png\" width=\"18\" height=\"12\" alt=\"de_DE\" title=\"German\"> DE\t\t<\/a>\n    <\/div>\n<div class=\"trp-ls-shortcode-language\">\n                <a href=\"#\" class=\"trp-ls-shortcode-disabled-language trp-ls-disabled-language\"  title=\"German\" onclick=\"event.preventDefault()\"><br \/>\n\t\t\t<img decoding=\"async\" class=\"trp-flag-image\" src=\"https:\/\/e-courses4you.com\/wp-content\/plugins\/translatepress-multilingual\/assets\/images\/flags\/de_DE.png\" width=\"18\" height=\"12\" alt=\"de_DE\" title=\"German\"> DE\t\t<\/a><br \/>\n                    <a href=\"https:\/\/e-courses4you.com\/de\/wp-json\/wp\/v2\/product\/3035781\" title=\"English\"><br \/>\n            <img decoding=\"async\" class=\"trp-flag-image\" src=\"https:\/\/e-courses4you.com\/wp-content\/plugins\/translatepress-multilingual\/assets\/images\/flags\/en_GB.png\" width=\"18\" height=\"12\" alt=\"en_GB\" title=\"English\"> EN        <\/a><\/p><\/div>\n<p>    <script type=\"application\/javascript\">\n        \/\/ need to have the same with set from JS on both divs. Otherwise it can push stuff around in HTML\n        var trp_ls_shortcodes = document.querySelectorAll('.trp_language_switcher_shortcode .trp-language-switcher');\n        if ( trp_ls_shortcodes.length > 0) {\n            \/\/ get the last language switcher added\n            var trp_el = trp_ls_shortcodes[trp_ls_shortcodes.length - 1];<\/p>\n<p>            var trp_shortcode_language_item = trp_el.querySelector( '.trp-ls-shortcode-language' )\n            \/\/ set width\n            var trp_ls_shortcode_width                                               = trp_shortcode_language_item.offsetWidth + 16;\n            trp_shortcode_language_item.style.width                                  = trp_ls_shortcode_width + 'px';\n            trp_el.querySelector( '.trp-ls-shortcode-current-language' ).style.width = trp_ls_shortcode_width + 'px';<\/p>\n<p>            \/\/ We're putting this on display: none after we have its width.\n            trp_shortcode_language_item.style.display = 'none';\n        }\n    <\/script>\n<\/div>\n<\/div>\n<\/div>\n<p><span style=\"font-weight: 400;\">Das Microsoft Office 2019 Home &amp; Student umfasst: Word, Excel, PowerPoint und OneNote.<\/span><\/p>\n<p><span style=\"font-weight: 400;\">Der Produktschl\u00fcssel und eine Anleitung werden Ihnen nach dem Kauf per E-Mail zugesandt. Es ist kein Monats- oder Jahresabonnement erforderlich! Dauerhafte Aktivierung. 1 PC-Lizenz, g\u00fcltig f\u00fcr 1 PC. Produktschl\u00fcssel f\u00fcr die Vollversion.\u00a0<\/span><\/p>\n<p><span style=\"font-weight: 400;\">Lizenzschl\u00fcssel ist f\u00fcr lebenslangen Zugang.<\/span><\/p>","protected":false},"featured_media":2296838,"template":"","meta":[],"product_brand":[],"product_cat":[15],"product_tag":[],"class_list":{"0":"post-3035781","1":"product","2":"type-product","3":"status-publish","4":"has-post-thumbnail","6":"product_cat-uncategorized","8":"first","9":"instock","10":"sale","11":"virtual","12":"purchasable","13":"product-type-simple"},"yoast_head":"<!-- This site is optimized with the Yoast SEO plugin v26.6 - https:\/\/yoast.com\/wordpress\/plugins\/seo\/ -->\n<title>Buy Microsoft Office Home and Student 2019 | Lowest Price | E-Courses4You<\/title>\n<meta name=\"description\" content=\"Buy the official Microsoft Office Home and Student 2019 today at a low price and enjoy all the worldclass software packages that come with it, for many years to come. License key is for lifetime access!\" \/>\n<meta name=\"robots\" content=\"index, follow, max-snippet:-1, max-image-preview:large, max-video-preview:-1\" \/>\n<link rel=\"canonical\" href=\"https:\/\/e-courses4you.com\/de\/course\/microsoft-office-home-and-student-2019\/\" \/>\n<meta property=\"og:locale\" content=\"de_DE\" \/>\n<meta property=\"og:type\" content=\"article\" \/>\n<meta property=\"og:title\" content=\"Buy Microsoft Office Home and Student 2019 | Lowest Price | E-Courses4You\" \/>\n<meta property=\"og:description\" content=\"Buy the official Microsoft Office Home and Student 2019 today at a low price and enjoy all the worldclass software packages that come with it, for many years to come. License key is for lifetime access!\" \/>\n<meta property=\"og:url\" content=\"https:\/\/e-courses4you.com\/de\/course\/microsoft-office-home-and-student-2019\/\" \/>\n<meta property=\"og:site_name\" content=\"eCourses4You\" \/>\n<meta property=\"article:modified_time\" content=\"2025-01-06T12:31:12+00:00\" \/>\n<meta property=\"og:image\" content=\"https:\/\/e-courses4you.com\/wp-content\/uploads\/2021\/06\/hs-2019.png\" \/>\n\t<meta property=\"og:image:width\" content=\"1002\" \/>\n\t<meta property=\"og:image:height\" content=\"837\" \/>\n\t<meta property=\"og:image:type\" content=\"image\/png\" \/>\n<meta name=\"twitter:card\" content=\"summary_large_image\" \/>\n<meta name=\"twitter:label1\" content=\"Gesch\u00e4tzte Lesezeit\" \/>\n\t<meta name=\"twitter:data1\" content=\"2\u00a0Minuten\" \/>\n<script type=\"application\/ld+json\" class=\"yoast-schema-graph\">{\"@context\":\"https:\/\/schema.org\",\"@graph\":[{\"@type\":\"WebPage\",\"@id\":\"https:\/\/e-courses4you.com\/course\/microsoft-office-home-and-student-2019\/\",\"url\":\"https:\/\/e-courses4you.com\/course\/microsoft-office-home-and-student-2019\/\",\"name\":\"Buy Microsoft Office Home and Student 2019 | Lowest Price | E-Courses4You\",\"isPartOf\":{\"@id\":\"https:\/\/e-courses4you.com\/#website\"},\"primaryImageOfPage\":{\"@id\":\"https:\/\/e-courses4you.com\/course\/microsoft-office-home-and-student-2019\/#primaryimage\"},\"image\":{\"@id\":\"https:\/\/e-courses4you.com\/course\/microsoft-office-home-and-student-2019\/#primaryimage\"},\"thumbnailUrl\":\"https:\/\/e-courses4you.com\/wp-content\/uploads\/2021\/06\/hs-2019.png\",\"datePublished\":\"2025-01-06T12:30:37+00:00\",\"dateModified\":\"2025-01-06T12:31:12+00:00\",\"description\":\"Buy the official Microsoft Office Home and Student 2019 today at a low price and enjoy all the worldclass software packages that come with it, for many years to come. License key is for lifetime access!\",\"breadcrumb\":{\"@id\":\"https:\/\/e-courses4you.com\/course\/microsoft-office-home-and-student-2019\/#breadcrumb\"},\"inLanguage\":\"de\",\"potentialAction\":[{\"@type\":\"ReadAction\",\"target\":[\"https:\/\/e-courses4you.com\/course\/microsoft-office-home-and-student-2019\/\"]}]},{\"@type\":\"ImageObject\",\"inLanguage\":\"de\",\"@id\":\"https:\/\/e-courses4you.com\/course\/microsoft-office-home-and-student-2019\/#primaryimage\",\"url\":\"https:\/\/e-courses4you.com\/wp-content\/uploads\/2021\/06\/hs-2019.png\",\"contentUrl\":\"https:\/\/e-courses4you.com\/wp-content\/uploads\/2021\/06\/hs-2019.png\",\"width\":1002,\"height\":837},{\"@type\":\"BreadcrumbList\",\"@id\":\"https:\/\/e-courses4you.com\/course\/microsoft-office-home-and-student-2019\/#breadcrumb\",\"itemListElement\":[{\"@type\":\"ListItem\",\"position\":1,\"name\":\"Our Courses\",\"item\":\"https:\/\/e-courses4you.com\/shop\/\"},{\"@type\":\"ListItem\",\"position\":2,\"name\":\"Microsoft Office Home and Student 2019\"}]},{\"@type\":\"WebSite\",\"@id\":\"https:\/\/e-courses4you.com\/#website\",\"url\":\"https:\/\/e-courses4you.com\/\",\"name\":\"eCourses4You\",\"description\":\"\",\"publisher\":{\"@id\":\"https:\/\/e-courses4you.com\/#organization\"},\"potentialAction\":[{\"@type\":\"SearchAction\",\"target\":{\"@type\":\"EntryPoint\",\"urlTemplate\":\"https:\/\/e-courses4you.com\/?s={search_term_string}\"},\"query-input\":{\"@type\":\"PropertyValueSpecification\",\"valueRequired\":true,\"valueName\":\"search_term_string\"}}],\"inLanguage\":\"de\"},{\"@type\":\"Organization\",\"@id\":\"https:\/\/e-courses4you.com\/#organization\",\"name\":\"eCourses4You\",\"url\":\"https:\/\/e-courses4you.com\/\",\"logo\":{\"@type\":\"ImageObject\",\"inLanguage\":\"de\",\"@id\":\"https:\/\/e-courses4you.com\/#\/schema\/logo\/image\/\",\"url\":\"https:\/\/e-courses4you.com\/wp-content\/uploads\/2021\/08\/ezgif.com-gif-maker-10.jpg\",\"contentUrl\":\"https:\/\/e-courses4you.com\/wp-content\/uploads\/2021\/08\/ezgif.com-gif-maker-10.jpg\",\"width\":275,\"height\":43,\"caption\":\"eCourses4You\"},\"image\":{\"@id\":\"https:\/\/e-courses4you.com\/#\/schema\/logo\/image\/\"}}]}<\/script>\n<!-- \/ Yoast SEO plugin. -->","yoast_head_json":{"title":"Buy Microsoft Office Home and Student 2019 | Lowest Price | E-Courses4You","description":"Buy the official Microsoft Office Home and Student 2019 today at a low price and enjoy all the worldclass software packages that come with it, for many years to come. License key is for lifetime access!","robots":{"index":"index","follow":"follow","max-snippet":"max-snippet:-1","max-image-preview":"max-image-preview:large","max-video-preview":"max-video-preview:-1"},"canonical":"https:\/\/e-courses4you.com\/de\/course\/microsoft-office-home-and-student-2019\/","og_locale":"de_DE","og_type":"article","og_title":"Buy Microsoft Office Home and Student 2019 | Lowest Price | E-Courses4You","og_description":"Buy the official Microsoft Office Home and Student 2019 today at a low price and enjoy all the worldclass software packages that come with it, for many years to come. License key is for lifetime access!","og_url":"https:\/\/e-courses4you.com\/de\/course\/microsoft-office-home-and-student-2019\/","og_site_name":"eCourses4You","article_modified_time":"2025-01-06T12:31:12+00:00","og_image":[{"width":1002,"height":837,"url":"https:\/\/e-courses4you.com\/wp-content\/uploads\/2021\/06\/hs-2019.png","type":"image\/png"}],"twitter_card":"summary_large_image","twitter_misc":{"Gesch\u00e4tzte Lesezeit":"2\u00a0Minuten"},"schema":{"@context":"https:\/\/schema.org","@graph":[{"@type":"WebPage","@id":"https:\/\/e-courses4you.com\/course\/microsoft-office-home-and-student-2019\/","url":"https:\/\/e-courses4you.com\/course\/microsoft-office-home-and-student-2019\/","name":"Buy Microsoft Office Home and Student 2019 | Lowest Price | E-Courses4You","isPartOf":{"@id":"https:\/\/e-courses4you.com\/#website"},"primaryImageOfPage":{"@id":"https:\/\/e-courses4you.com\/course\/microsoft-office-home-and-student-2019\/#primaryimage"},"image":{"@id":"https:\/\/e-courses4you.com\/course\/microsoft-office-home-and-student-2019\/#primaryimage"},"thumbnailUrl":"https:\/\/e-courses4you.com\/wp-content\/uploads\/2021\/06\/hs-2019.png","datePublished":"2025-01-06T12:30:37+00:00","dateModified":"2025-01-06T12:31:12+00:00","description":"Buy the official Microsoft Office Home and Student 2019 today at a low price and enjoy all the worldclass software packages that come with it, for many years to come. License key is for lifetime access!","breadcrumb":{"@id":"https:\/\/e-courses4you.com\/course\/microsoft-office-home-and-student-2019\/#breadcrumb"},"inLanguage":"de","potentialAction":[{"@type":"ReadAction","target":["https:\/\/e-courses4you.com\/course\/microsoft-office-home-and-student-2019\/"]}]},{"@type":"ImageObject","inLanguage":"de","@id":"https:\/\/e-courses4you.com\/course\/microsoft-office-home-and-student-2019\/#primaryimage","url":"https:\/\/e-courses4you.com\/wp-content\/uploads\/2021\/06\/hs-2019.png","contentUrl":"https:\/\/e-courses4you.com\/wp-content\/uploads\/2021\/06\/hs-2019.png","width":1002,"height":837},{"@type":"BreadcrumbList","@id":"https:\/\/e-courses4you.com\/course\/microsoft-office-home-and-student-2019\/#breadcrumb","itemListElement":[{"@type":"ListItem","position":1,"name":"Our Courses","item":"https:\/\/e-courses4you.com\/shop\/"},{"@type":"ListItem","position":2,"name":"Microsoft Office Home and Student 2019"}]},{"@type":"WebSite","@id":"https:\/\/e-courses4you.com\/#website","url":"https:\/\/e-courses4you.com\/","name":"eCourses4You","description":"","publisher":{"@id":"https:\/\/e-courses4you.com\/#organization"},"potentialAction":[{"@type":"SearchAction","target":{"@type":"EntryPoint","urlTemplate":"https:\/\/e-courses4you.com\/?s={search_term_string}"},"query-input":{"@type":"PropertyValueSpecification","valueRequired":true,"valueName":"search_term_string"}}],"inLanguage":"de"},{"@type":"Organization","@id":"https:\/\/e-courses4you.com\/#organization","name":"eCourses4You","url":"https:\/\/e-courses4you.com\/","logo":{"@type":"ImageObject","inLanguage":"de","@id":"https:\/\/e-courses4you.com\/#\/schema\/logo\/image\/","url":"https:\/\/e-courses4you.com\/wp-content\/uploads\/2021\/08\/ezgif.com-gif-maker-10.jpg","contentUrl":"https:\/\/e-courses4you.com\/wp-content\/uploads\/2021\/08\/ezgif.com-gif-maker-10.jpg","width":275,"height":43,"caption":"eCourses4You"},"image":{"@id":"https:\/\/e-courses4you.com\/#\/schema\/logo\/image\/"}}]}},"_links":{"self":[{"href":"https:\/\/e-courses4you.com\/de\/wp-json\/wp\/v2\/product\/3035781","targetHints":{"allow":["GET"]}}],"collection":[{"href":"https:\/\/e-courses4you.com\/de\/wp-json\/wp\/v2\/product"}],"about":[{"href":"https:\/\/e-courses4you.com\/de\/wp-json\/wp\/v2\/types\/product"}],"wp:featuredmedia":[{"embeddable":true,"href":"https:\/\/e-courses4you.com\/de\/wp-json\/wp\/v2\/media\/2296838"}],"wp:attachment":[{"href":"https:\/\/e-courses4you.com\/de\/wp-json\/wp\/v2\/media?parent=3035781"}],"wp:term":[{"taxonomy":"product_brand","embeddable":true,"href":"https:\/\/e-courses4you.com\/de\/wp-json\/wp\/v2\/product_brand?post=3035781"},{"taxonomy":"product_cat","embeddable":true,"href":"https:\/\/e-courses4you.com\/de\/wp-json\/wp\/v2\/product_cat?post=3035781"},{"taxonomy":"product_tag","embeddable":true,"href":"https:\/\/e-courses4you.com\/de\/wp-json\/wp\/v2\/product_tag?post=3035781"}],"curies":[{"name":"wp","href":"https:\/\/api.w.org\/{rel}","templated":true}]}}