{"id":327,"date":"2019-07-10T09:38:51","date_gmt":"2019-07-10T09:38:51","guid":{"rendered":"http:\/\/e-courses4you.com\/?post_type=product&#038;p=327"},"modified":"2021-09-15T10:52:14","modified_gmt":"2021-09-15T10:52:14","slug":"cupcake-academy-spanish","status":"publish","type":"product","link":"https:\/\/e-courses4you.com\/de\/course\/cupcake-academy-spanish\/","title":{"rendered":"Cupcake Academy (Spanish)"},"content":{"rendered":"<p>Este curso cargado de informaci\u00f3n est\u00e1 enfocado en pasteleros de tiempo libre que quieren las habilidades para hornear y decorar cupcakes. Tambi\u00e9n es atractivo para aquellos que ya tienen las habilidades de pasteler\u00eda peor quieren abrir su propia compa\u00f1\u00eda de cupcakes, proveer deliciosos cupcakes a sus clientes con una elecci\u00f3n de t\u00e9cnicas de decorado.<\/p>\n<h4>Introducci\u00f3n al Diploma de la academia del cupcake<\/h4>\n<p>Este curso acreditado te proveer\u00e1 nuevas habilidades para ayudarte a incrementar tus ventas y crear hermosos cupcakes. Es apropiado para principiantes, pasteleros de tiempo libre y pasteleros veteranos que quieran impulsar sus carreras.<\/p>\n<p>El curso te provee una certificaci\u00f3n que demuestra que tienen el conocimiento y habilidades necesarios cuando se trata de decoraci\u00f3n de cupcakes, una certificaci\u00f3n reconocida por los l\u00edderes de la industria.<\/p>\n<p>El Diploma de la academia del cupcake te dar\u00e1 la visi\u00f3n y el conocimiento que necesitas para abrir tu propio negocio exitoso, ofreci\u00e9ndote un manojo de t\u00e9cnicas clave en las que puedes confiar.<\/p>\n<p>El curso est\u00e1 comprendido por veinte m\u00f3dulos cargados de informaci\u00f3n que toman aproximadamente quince horas en completarse. Puedes estudiar en l\u00ednea a tu propio ritmo usando cualquier dispositivo. Tras su concreci\u00f3n y aprobaci\u00f3n exitosa de la evaluaci\u00f3n de elecci\u00f3n m\u00faltiple, puedes descargar e imprimir tu certificado sin demoras.<\/p>\n<h4>Beneficios del Diploma de la academia del cupcake<\/h4>\n<p>Este curso est\u00e1 repleto de beneficios para cualquiera que est\u00e9 interesado en trabajar en la industria del horneado de cupcakes o en comenzar su propio negocio.<\/p>\n<p>\u2022 Lograr\u00e1s entender recetas y lo elemental del horneado.<br \/>\n\u2022 Ganar\u00e1s confianza para crear tus propias recetas y dise\u00f1os exitosos.<br \/>\n\u2022 Ganar\u00e1s las habilidades y visi\u00f3n necesarios para iniciar tu propio negocio.<br \/>\n\u2022 Aprender\u00e1s diferentes habilidades de decorado que puedes usar para todo tipo de evento.<br \/>\n\u2022 Tras la concreci\u00f3n del curso y aprobar la evaluaci\u00f3n, recibir\u00e1s una certificaci\u00f3n reconocida en la industria.<\/p>\n<h4>What&#8217;s Included?<\/h4>\n<p><img decoding=\"async\" class=\"alignnone wp-image-14726\" src=\"https:\/\/e-courses4you.com\/wp-content\/uploads\/2019\/07\/Wiki_tick-1.png\" alt=\"Wiki_tick\" width=\"28\" height=\"22\" \/> \u00a0Unlimited\u00a0 access for 12 months<br \/>\n<img decoding=\"async\" class=\"alignnone wp-image-14726\" src=\"https:\/\/e-courses4you.com\/wp-content\/uploads\/2019\/07\/Wiki_tick-1.png\" alt=\"Wiki_tick\" width=\"28\" height=\"22\" \/>\u00a0\u00a0Access anywhere, any time<br \/>\n<img decoding=\"async\" class=\"alignnone wp-image-14726\" src=\"https:\/\/e-courses4you.com\/wp-content\/uploads\/2019\/07\/Wiki_tick-1.png\" alt=\"Wiki_tick\" width=\"28\" height=\"22\" \/>\u00a0\u00a0Fast effective training, written and designed by industry experts<br \/>\n<img decoding=\"async\" class=\"alignnone wp-image-14726\" src=\"https:\/\/e-courses4you.com\/wp-content\/uploads\/2019\/07\/Wiki_tick-1.png\" alt=\"Wiki_tick\" width=\"28\" height=\"22\" \/>\u00a0\u00a0Track your progress with our Learning Management System<br \/>\n<img decoding=\"async\" class=\"alignnone wp-image-14726\" src=\"https:\/\/e-courses4you.com\/wp-content\/uploads\/2019\/07\/Wiki_tick-1.png\" alt=\"Wiki_tick\" width=\"28\" height=\"22\" \/>\u00a0\u00a0Unlimited support<br \/>\n<img decoding=\"async\" class=\"alignnone wp-image-14726\" src=\"https:\/\/e-courses4you.com\/wp-content\/uploads\/2019\/07\/Wiki_tick-1.png\" alt=\"Wiki_tick\" width=\"28\" height=\"22\" \/>\u00a0\u00a0Save money, time and travel costs<br \/>\n<img decoding=\"async\" class=\"alignnone wp-image-14726\" src=\"https:\/\/e-courses4you.com\/wp-content\/uploads\/2019\/07\/Wiki_tick-1.png\" alt=\"Wiki_tick\" width=\"28\" height=\"22\" \/>\u00a0\u00a0Learn at your own pace and leisure<br \/>\n<img decoding=\"async\" class=\"alignnone wp-image-14726\" src=\"https:\/\/e-courses4you.com\/wp-content\/uploads\/2019\/07\/Wiki_tick-1.png\" alt=\"Wiki_tick\" width=\"28\" height=\"22\" \/>\u00a0\u00a0Easier to retain knowledge and revise topics than traditional methods<br \/>\n<img decoding=\"async\" class=\"alignnone wp-image-14726\" src=\"https:\/\/e-courses4you.com\/wp-content\/uploads\/2019\/07\/Wiki_tick-1.png\" alt=\"Wiki_tick\" width=\"28\" height=\"22\" \/>\u00a0\u00a0Exam preparation quizzes, tests and mock exams to ensure that you are 100% ready<\/p>\n<p class=\"product woocommerce add_to_cart_inline\" style=\"border:4px solid #ccc; padding: 12px;\"><span class=\"woocommerce-Price-amount amount\"><bdi><span class=\"woocommerce-Price-currencySymbol\">&pound;<\/span>359.00<\/bdi><\/span><a href=\"\/de\/wp-json\/wp\/v2\/product\/327?add-to-cart=327\" aria-describedby=\"woocommerce_loop_add_to_cart_link_describedby_327\" data-quantity=\"1\" class=\"button product_type_simple add_to_cart_button ajax_add_to_cart\" data-product_id=\"327\" data-product_sku=\"EC4Y0315\" aria-label=\"In den Warenkorb legen: \u201eCupcake Academy (Spanish)\u201c\" rel=\"nofollow\" data-success_message=\"\u201eCupcake Academy (Spanish)\u201c wurde deinem Warenkorb hinzugef\u00fcgt\" role=\"button\" data-no-translation=\"\" data-trp-gettext=\"\" data-no-translation-aria-label=\"\" data-no-translation-data-success_message=\"\">In den Warenkorb<\/a>\t<span id=\"woocommerce_loop_add_to_cart_link_describedby_327\" class=\"screen-reader-text\">\n\t\t\t<\/span>\n<\/p>","protected":false},"excerpt":{"rendered":"<p>Este curso cargado de informaci\u00f3n est\u00e1 enfocado en pasteleros de tiempo libre que quieren las habilidades para hornear y decorar cupcakes. Tambi\u00e9n es atractivo para aquellos que ya tienen las habilidades de pasteler\u00eda peor quieren abrir su propia compa\u00f1\u00eda de cupcakes, proveer deliciosos cupcakes a sus clientes con una elecci\u00f3n de t\u00e9cnicas de decorado.<\/p>","protected":false},"featured_media":328,"template":"","meta":[],"product_brand":[],"product_cat":[35,40],"product_tag":[],"class_list":{"0":"post-327","1":"product","2":"type-product","3":"status-publish","4":"has-post-thumbnail","6":"product_cat-career-development-business-skills","7":"product_cat-hobbies-lifestyle","9":"first","10":"instock","11":"virtual","12":"purchasable","13":"product-type-simple"},"yoast_head":"<!-- This site is optimized with the Yoast SEO plugin v26.6 - https:\/\/yoast.com\/wordpress\/plugins\/seo\/ -->\n<title>Cupcake Academy (Spanish) | eCourses4You<\/title>\n<meta name=\"description\" content=\"Gain powerful new skills to improve your life or increase your value in the workplace with an online course such as this. All courses are designed by experts with care to ensure you get highest quality learning expereince.\" \/>\n<meta name=\"robots\" content=\"noindex, nofollow\" \/>\n<meta property=\"og:locale\" content=\"de_DE\" \/>\n<meta property=\"og:type\" content=\"article\" \/>\n<meta property=\"og:title\" content=\"Cupcake Academy (Spanish) | eCourses4You\" \/>\n<meta property=\"og:description\" content=\"Gain powerful new skills to improve your life or increase your value in the workplace with an online course such as this. All courses are designed by experts with care to ensure you get highest quality learning expereince.\" \/>\n<meta property=\"og:url\" content=\"https:\/\/e-courses4you.com\/de\/course\/cupcake-academy-spanish\/\" \/>\n<meta property=\"og:site_name\" content=\"eCourses4You\" \/>\n<meta property=\"article:modified_time\" content=\"2021-09-15T10:52:14+00:00\" \/>\n<meta property=\"og:image\" content=\"https:\/\/e-courses4you.com\/wp-content\/uploads\/2019\/07\/cupcake.png\" \/>\n\t<meta property=\"og:image:width\" content=\"1200\" \/>\n\t<meta property=\"og:image:height\" content=\"800\" \/>\n\t<meta property=\"og:image:type\" content=\"image\/png\" \/>\n<meta name=\"twitter:card\" content=\"summary_large_image\" \/>\n<meta name=\"twitter:label1\" content=\"Gesch\u00e4tzte Lesezeit\" \/>\n\t<meta name=\"twitter:data1\" content=\"2\u00a0Minuten\" \/>\n<script type=\"application\/ld+json\" class=\"yoast-schema-graph\">{\"@context\":\"https:\/\/schema.org\",\"@graph\":[{\"@type\":\"WebPage\",\"@id\":\"https:\/\/e-courses4you.com\/course\/cupcake-academy-spanish\/\",\"url\":\"https:\/\/e-courses4you.com\/course\/cupcake-academy-spanish\/\",\"name\":\"Cupcake Academy (Spanish) | eCourses4You\",\"isPartOf\":{\"@id\":\"https:\/\/e-courses4you.com\/#website\"},\"primaryImageOfPage\":{\"@id\":\"https:\/\/e-courses4you.com\/course\/cupcake-academy-spanish\/#primaryimage\"},\"image\":{\"@id\":\"https:\/\/e-courses4you.com\/course\/cupcake-academy-spanish\/#primaryimage\"},\"thumbnailUrl\":\"https:\/\/e-courses4you.com\/wp-content\/uploads\/2019\/07\/cupcake.png\",\"datePublished\":\"2019-07-10T09:38:51+00:00\",\"dateModified\":\"2021-09-15T10:52:14+00:00\",\"description\":\"Gain powerful new skills to improve your life or increase your value in the workplace with an online course such as this. All courses are designed by experts with care to ensure you get highest quality learning expereince.\",\"breadcrumb\":{\"@id\":\"https:\/\/e-courses4you.com\/course\/cupcake-academy-spanish\/#breadcrumb\"},\"inLanguage\":\"de\",\"potentialAction\":[{\"@type\":\"ReadAction\",\"target\":[\"https:\/\/e-courses4you.com\/course\/cupcake-academy-spanish\/\"]}]},{\"@type\":\"ImageObject\",\"inLanguage\":\"de\",\"@id\":\"https:\/\/e-courses4you.com\/course\/cupcake-academy-spanish\/#primaryimage\",\"url\":\"https:\/\/e-courses4you.com\/wp-content\/uploads\/2019\/07\/cupcake.png\",\"contentUrl\":\"https:\/\/e-courses4you.com\/wp-content\/uploads\/2019\/07\/cupcake.png\",\"width\":1200,\"height\":800},{\"@type\":\"BreadcrumbList\",\"@id\":\"https:\/\/e-courses4you.com\/course\/cupcake-academy-spanish\/#breadcrumb\",\"itemListElement\":[{\"@type\":\"ListItem\",\"position\":1,\"name\":\"Our Courses\",\"item\":\"https:\/\/e-courses4you.com\/shop\/\"},{\"@type\":\"ListItem\",\"position\":2,\"name\":\"Cupcake Academy (Spanish)\"}]},{\"@type\":\"WebSite\",\"@id\":\"https:\/\/e-courses4you.com\/#website\",\"url\":\"https:\/\/e-courses4you.com\/\",\"name\":\"eCourses4You\",\"description\":\"\",\"publisher\":{\"@id\":\"https:\/\/e-courses4you.com\/#organization\"},\"potentialAction\":[{\"@type\":\"SearchAction\",\"target\":{\"@type\":\"EntryPoint\",\"urlTemplate\":\"https:\/\/e-courses4you.com\/?s={search_term_string}\"},\"query-input\":{\"@type\":\"PropertyValueSpecification\",\"valueRequired\":true,\"valueName\":\"search_term_string\"}}],\"inLanguage\":\"de\"},{\"@type\":\"Organization\",\"@id\":\"https:\/\/e-courses4you.com\/#organization\",\"name\":\"eCourses4You\",\"url\":\"https:\/\/e-courses4you.com\/\",\"logo\":{\"@type\":\"ImageObject\",\"inLanguage\":\"de\",\"@id\":\"https:\/\/e-courses4you.com\/#\/schema\/logo\/image\/\",\"url\":\"https:\/\/e-courses4you.com\/wp-content\/uploads\/2021\/08\/ezgif.com-gif-maker-10.jpg\",\"contentUrl\":\"https:\/\/e-courses4you.com\/wp-content\/uploads\/2021\/08\/ezgif.com-gif-maker-10.jpg\",\"width\":275,\"height\":43,\"caption\":\"eCourses4You\"},\"image\":{\"@id\":\"https:\/\/e-courses4you.com\/#\/schema\/logo\/image\/\"}}]}<\/script>\n<!-- \/ Yoast SEO plugin. -->","yoast_head_json":{"title":"Cupcake Academy (Spanish) | eCourses4You","description":"Gain powerful new skills to improve your life or increase your value in the workplace with an online course such as this. All courses are designed by experts with care to ensure you get highest quality learning expereince.","robots":{"index":"noindex","follow":"nofollow"},"og_locale":"de_DE","og_type":"article","og_title":"Cupcake Academy (Spanish) | eCourses4You","og_description":"Gain powerful new skills to improve your life or increase your value in the workplace with an online course such as this. All courses are designed by experts with care to ensure you get highest quality learning expereince.","og_url":"https:\/\/e-courses4you.com\/de\/course\/cupcake-academy-spanish\/","og_site_name":"eCourses4You","article_modified_time":"2021-09-15T10:52:14+00:00","og_image":[{"width":1200,"height":800,"url":"https:\/\/e-courses4you.com\/wp-content\/uploads\/2019\/07\/cupcake.png","type":"image\/png"}],"twitter_card":"summary_large_image","twitter_misc":{"Gesch\u00e4tzte Lesezeit":"2\u00a0Minuten"},"schema":{"@context":"https:\/\/schema.org","@graph":[{"@type":"WebPage","@id":"https:\/\/e-courses4you.com\/course\/cupcake-academy-spanish\/","url":"https:\/\/e-courses4you.com\/course\/cupcake-academy-spanish\/","name":"Cupcake Academy (Spanish) | eCourses4You","isPartOf":{"@id":"https:\/\/e-courses4you.com\/#website"},"primaryImageOfPage":{"@id":"https:\/\/e-courses4you.com\/course\/cupcake-academy-spanish\/#primaryimage"},"image":{"@id":"https:\/\/e-courses4you.com\/course\/cupcake-academy-spanish\/#primaryimage"},"thumbnailUrl":"https:\/\/e-courses4you.com\/wp-content\/uploads\/2019\/07\/cupcake.png","datePublished":"2019-07-10T09:38:51+00:00","dateModified":"2021-09-15T10:52:14+00:00","description":"Gain powerful new skills to improve your life or increase your value in the workplace with an online course such as this. All courses are designed by experts with care to ensure you get highest quality learning expereince.","breadcrumb":{"@id":"https:\/\/e-courses4you.com\/course\/cupcake-academy-spanish\/#breadcrumb"},"inLanguage":"de","potentialAction":[{"@type":"ReadAction","target":["https:\/\/e-courses4you.com\/course\/cupcake-academy-spanish\/"]}]},{"@type":"ImageObject","inLanguage":"de","@id":"https:\/\/e-courses4you.com\/course\/cupcake-academy-spanish\/#primaryimage","url":"https:\/\/e-courses4you.com\/wp-content\/uploads\/2019\/07\/cupcake.png","contentUrl":"https:\/\/e-courses4you.com\/wp-content\/uploads\/2019\/07\/cupcake.png","width":1200,"height":800},{"@type":"BreadcrumbList","@id":"https:\/\/e-courses4you.com\/course\/cupcake-academy-spanish\/#breadcrumb","itemListElement":[{"@type":"ListItem","position":1,"name":"Our Courses","item":"https:\/\/e-courses4you.com\/shop\/"},{"@type":"ListItem","position":2,"name":"Cupcake Academy (Spanish)"}]},{"@type":"WebSite","@id":"https:\/\/e-courses4you.com\/#website","url":"https:\/\/e-courses4you.com\/","name":"eCourses4You","description":"","publisher":{"@id":"https:\/\/e-courses4you.com\/#organization"},"potentialAction":[{"@type":"SearchAction","target":{"@type":"EntryPoint","urlTemplate":"https:\/\/e-courses4you.com\/?s={search_term_string}"},"query-input":{"@type":"PropertyValueSpecification","valueRequired":true,"valueName":"search_term_string"}}],"inLanguage":"de"},{"@type":"Organization","@id":"https:\/\/e-courses4you.com\/#organization","name":"eCourses4You","url":"https:\/\/e-courses4you.com\/","logo":{"@type":"ImageObject","inLanguage":"de","@id":"https:\/\/e-courses4you.com\/#\/schema\/logo\/image\/","url":"https:\/\/e-courses4you.com\/wp-content\/uploads\/2021\/08\/ezgif.com-gif-maker-10.jpg","contentUrl":"https:\/\/e-courses4you.com\/wp-content\/uploads\/2021\/08\/ezgif.com-gif-maker-10.jpg","width":275,"height":43,"caption":"eCourses4You"},"image":{"@id":"https:\/\/e-courses4you.com\/#\/schema\/logo\/image\/"}}]}},"_links":{"self":[{"href":"https:\/\/e-courses4you.com\/de\/wp-json\/wp\/v2\/product\/327","targetHints":{"allow":["GET"]}}],"collection":[{"href":"https:\/\/e-courses4you.com\/de\/wp-json\/wp\/v2\/product"}],"about":[{"href":"https:\/\/e-courses4you.com\/de\/wp-json\/wp\/v2\/types\/product"}],"wp:featuredmedia":[{"embeddable":true,"href":"https:\/\/e-courses4you.com\/de\/wp-json\/wp\/v2\/media\/328"}],"wp:attachment":[{"href":"https:\/\/e-courses4you.com\/de\/wp-json\/wp\/v2\/media?parent=327"}],"wp:term":[{"taxonomy":"product_brand","embeddable":true,"href":"https:\/\/e-courses4you.com\/de\/wp-json\/wp\/v2\/product_brand?post=327"},{"taxonomy":"product_cat","embeddable":true,"href":"https:\/\/e-courses4you.com\/de\/wp-json\/wp\/v2\/product_cat?post=327"},{"taxonomy":"product_tag","embeddable":true,"href":"https:\/\/e-courses4you.com\/de\/wp-json\/wp\/v2\/product_tag?post=327"}],"curies":[{"name":"wp","href":"https:\/\/api.w.org\/{rel}","templated":true}]}}